{"id":42,"date":"2017-12-02T09:50:21","date_gmt":"2017-12-02T08:50:21","guid":{"rendered":"http:\/\/jesingen-ski.de\/page\/?page_id=42"},"modified":"2025-11-07T22:14:08","modified_gmt":"2025-11-07T21:14:08","slug":"saisonopening","status":"publish","type":"page","link":"https:\/\/jesingen-ski.de\/page\/ausfahrten\/saisonopening\/","title":{"rendered":"Saisonopening S\u00f6lden"},"content":{"rendered":"\n<h4 class=\"wp-block-heading\"><strong><b>&#8230; auf traumhaften Pisten mit Partygarantie in die neue Saison starten!! <\/b><\/strong><\/h4>\n\n\n\n<h4 class=\"wp-block-heading\"><strong>Termin: 05. Dezember &#8211; 07. Dezember 2025<\/strong><\/h4>\n\n\n\n<p>Zum Start dieser Saison wird wieder ein mehrt\u00e4giges Saisonopening in S\u00f6lden stattfinden, insbesondere auch zur Einweisung und Fortbildung unserer \u00dcbungsleiter<\/p>\n\n\n\n<p>Die Abfahrt in Jesingen wird wieder am Freitagnachmittag um 14Uhr an den Lehen\u00e4ckern sein, sodass am Samstagmorgen entspannt in den Skitag gestartet werden kann und die Partyw\u00fctigen bereits am Freitag die Lokalit\u00e4ten in S\u00f6lden unsicher machen k\u00f6nnen. Unsere Unterkunft, die Pension Sonnenheim, ist zu Fu\u00df nur wenige Minuten von der Ortsmitte bzw. der Gondelstation entfernt, bietet also eine ideale Ausgangslage auch f\u00fcr den Apr\u00e8s-Ski.<\/p>\n\n\n\n<p>Samstagabends ist ein gemeinsames Abendessen geplant (nicht im Preis enthalten). Die R\u00fcckfahrt wird dann am Sonntagnachmittag stattfinden, damit wir nicht allzu sp\u00e4t in Jesingen wieder ankommen werden.<\/p>\n\n\n\n<p>Die Kosten f\u00fcr die Hin- und R\u00fcckfahrt mit kleinem Fahrtvesper in Kleinbussen, 2x \u00dcbernachtung mit Fr\u00fchst\u00fcck und 2-Tages-Liftpass belaufen sich auf ca. 330-350 Euro.<\/p>\n\n\n\n<p>Der Nichtmitgliederzuschlag betr\u00e4gt 10 Euro.<\/p>\n\n\n\n<p><a href=\"https:\/\/jesingen-ski.de\/page\/anmeldeformular-soelden\/\" data-type=\"link\" data-id=\"https:\/\/jesingen-ski.de\/page\/anmeldeformular-soelden\/\">Hier geht es zur Anmeldung!<\/a><\/p>\n\n\n\n<p>Es wird eine Anzahlung von 100 Euro erhoben, die auf das bei der Anmeldungsbest\u00e4tigung genannte Konto \u00fcberwiesen werden muss, damit die Anmeldung g\u00fcltig ist.<\/p>\n\n\n\n<p>Schnell sein lohnt sich, denn es hat maximal 22 freie Pl\u00e4tze\u2026<\/p>\n\n\n\n<p><\/p>\n","protected":false},"excerpt":{"rendered":"<p>&#8230; auf traumhaften Pisten mit Partygarantie in die neue Saison starten!! Termin: 05. Dezember &#8211; 07. Dezember 2025 Zum Start dieser Saison wird wieder ein mehrt\u00e4giges Saisonopening in S\u00f6lden stattfinden, insbesondere auch zur Einweisung und Fortbildung unserer \u00dcbungsleiter Die Abfahrt in Jesingen wird wieder am Freitagnachmittag um 14Uhr an den Lehen\u00e4ckern sein, sodass am Samstagmorgen [&hellip;]<\/p>\n","protected":false},"author":1,"featured_media":402,"parent":289,"menu_order":0,"comment_status":"closed","ping_status":"closed","template":"","meta":{"footnotes":""},"class_list":["post-42","page","type-page","status-publish","has-post-thumbnail","hentry"],"_links":{"self":[{"href":"https:\/\/jesingen-ski.de\/page\/wp-json\/wp\/v2\/pages\/42","targetHints":{"allow":["GET"]}}],"collection":[{"href":"https:\/\/jesingen-ski.de\/page\/wp-json\/wp\/v2\/pages"}],"about":[{"href":"https:\/\/jesingen-ski.de\/page\/wp-json\/wp\/v2\/types\/page"}],"author":[{"embeddable":true,"href":"https:\/\/jesingen-ski.de\/page\/wp-json\/wp\/v2\/users\/1"}],"replies":[{"embeddable":true,"href":"https:\/\/jesingen-ski.de\/page\/wp-json\/wp\/v2\/comments?post=42"}],"version-history":[{"count":17,"href":"https:\/\/jesingen-ski.de\/page\/wp-json\/wp\/v2\/pages\/42\/revisions"}],"predecessor-version":[{"id":2604,"href":"https:\/\/jesingen-ski.de\/page\/wp-json\/wp\/v2\/pages\/42\/revisions\/2604"}],"up":[{"embeddable":true,"href":"https:\/\/jesingen-ski.de\/page\/wp-json\/wp\/v2\/pages\/289"}],"wp:featuredmedia":[{"embeddable":true,"href":"https:\/\/jesingen-ski.de\/page\/wp-json\/wp\/v2\/media\/402"}],"wp:attachment":[{"href":"https:\/\/jesingen-ski.de\/page\/wp-json\/wp\/v2\/media?parent=42"}],"curies":[{"name":"wp","href":"https:\/\/api.w.org\/{rel}","templated":true}]}}