{"id":61,"date":"2017-12-02T10:18:58","date_gmt":"2017-12-02T09:18:58","guid":{"rendered":"http:\/\/jesingen-ski.de\/page\/?page_id=61"},"modified":"2025-11-05T11:35:13","modified_gmt":"2025-11-05T10:35:13","slug":"skibasar","status":"publish","type":"page","link":"https:\/\/jesingen-ski.de\/page\/skibasar\/","title":{"rendered":"Skibasar"},"content":{"rendered":"\n<h3 class=\"wp-block-heading\"><strong>Samstag, 15. November 2025 <\/strong><strong style=\"color: inherit;\">in der Lindachschule in Jesingen<\/strong><\/h3>\n\n\n\n<h4 class=\"wp-block-heading\">&nbsp;<\/h4>\n\n\n\n<h4 class=\"wp-block-heading\">Warenannahme von 9.30 bis 12.00 Uhr<\/h4>\n\n\n\n<h4 class=\"wp-block-heading\">Verkauf von 12.30 bis 14.00 Uhr<\/h4>\n\n\n\n<h4 class=\"wp-block-heading\">Warenabholung: 14.00 Uhr &#8211; 15.00 Uhr<\/h4>\n\n\n\n<p>Bei unserm Skibasar&nbsp;k\u00f6nnt Ihr eure gebrauchte Wintersportartikel kaufen aber nat\u00fcrlich auch verkaufen.<br>Ihr findet bei uns ein gro\u00dfes Angebot an:<\/p>\n\n\n\n<ul class=\"wp-block-list\">\n<li>Ski<\/li>\n\n\n\n<li>Snowboards<\/li>\n\n\n\n<li>Ski- und Snowboardschuhen<\/li>\n\n\n\n<li>sonstigem Equipment (St\u00f6cke, Helme, Bekleidung&#8230;)<\/li>\n<\/ul>\n\n\n\n<p>Bitte beachten: Besch\u00e4digtes Material k\u00f6nnen wir nicht annehmen.<br>Bei Fragen rund um die Themen Ski und Snowboard stehen Ihnen unsere kompetenten Berater gerne zur Verf\u00fcgung.<\/p>\n\n\n\n<p>Wir freuen uns auf euren Besuch.<\/p>\n\n\n\n<p><\/p>\n","protected":false},"excerpt":{"rendered":"<p>Samstag, 15. November 2025 in der Lindachschule in Jesingen &nbsp; Warenannahme von 9.30 bis 12.00 Uhr Verkauf von 12.30 bis 14.00 Uhr Warenabholung: 14.00 Uhr &#8211; 15.00 Uhr Bei unserm Skibasar&nbsp;k\u00f6nnt Ihr eure gebrauchte Wintersportartikel kaufen aber nat\u00fcrlich auch verkaufen.Ihr findet bei uns ein gro\u00dfes Angebot an: Bitte beachten: Besch\u00e4digtes Material k\u00f6nnen wir nicht annehmen.Bei [&hellip;]<\/p>\n","protected":false},"author":1,"featured_media":342,"parent":0,"menu_order":0,"comment_status":"closed","ping_status":"closed","template":"","meta":{"footnotes":""},"class_list":["post-61","page","type-page","status-publish","has-post-thumbnail","hentry"],"_links":{"self":[{"href":"https:\/\/jesingen-ski.de\/page\/wp-json\/wp\/v2\/pages\/61","targetHints":{"allow":["GET"]}}],"collection":[{"href":"https:\/\/jesingen-ski.de\/page\/wp-json\/wp\/v2\/pages"}],"about":[{"href":"https:\/\/jesingen-ski.de\/page\/wp-json\/wp\/v2\/types\/page"}],"author":[{"embeddable":true,"href":"https:\/\/jesingen-ski.de\/page\/wp-json\/wp\/v2\/users\/1"}],"replies":[{"embeddable":true,"href":"https:\/\/jesingen-ski.de\/page\/wp-json\/wp\/v2\/comments?post=61"}],"version-history":[{"count":12,"href":"https:\/\/jesingen-ski.de\/page\/wp-json\/wp\/v2\/pages\/61\/revisions"}],"predecessor-version":[{"id":2577,"href":"https:\/\/jesingen-ski.de\/page\/wp-json\/wp\/v2\/pages\/61\/revisions\/2577"}],"wp:featuredmedia":[{"embeddable":true,"href":"https:\/\/jesingen-ski.de\/page\/wp-json\/wp\/v2\/media\/342"}],"wp:attachment":[{"href":"https:\/\/jesingen-ski.de\/page\/wp-json\/wp\/v2\/media?parent=61"}],"curies":[{"name":"wp","href":"https:\/\/api.w.org\/{rel}","templated":true}]}}