{"id":78,"date":"2017-12-02T10:54:56","date_gmt":"2017-12-02T09:54:56","guid":{"rendered":"http:\/\/jesingen-ski.de\/page\/?page_id=78"},"modified":"2018-05-03T22:15:42","modified_gmt":"2018-05-03T20:15:42","slug":"montagsturnen","status":"publish","type":"page","link":"https:\/\/jesingen-ski.de\/page\/sportangebot\/montagsturnen\/","title":{"rendered":"Montagsturnen"},"content":{"rendered":"<h4>Sportlich, sportlich!<\/h4>\n<p>Spiel, Sport und Spa\u00df f\u00fcr echte M\u00e4nner in der Sporthalle Lehen\u00e4cker.<br \/>\nDa hat der Bauchansatz keine Chance !!<\/p>\n<p><strong>Immer Montags von 20 &#8211; 22 Uhr. <\/strong><\/p>\n<p>Mit Fussball, Skigymnastik und Volleyball starten wir sportlich in die Woche.<br \/>\nUnser \u00dcbungsleiter Gege wei\u00df genau wo es den Teilnehmern an Fitness mangelt.<br \/>\nAnschliessend gem\u00fctliches Beisammensein im Hirsch.<\/p>\n<p>In den Schulferien ist Ersatzprogramm angesagt.<br \/>\nIm Sommer machen wir sch\u00f6ne Radtouren, im Winter gehen wir ins Thermalbad.<\/p>\n","protected":false},"excerpt":{"rendered":"<p>Sportlich, sportlich! Spiel, Sport und Spa\u00df f\u00fcr echte M\u00e4nner in der Sporthalle Lehen\u00e4cker. Da hat der Bauchansatz keine Chance !! Immer Montags von 20 &#8211; 22 Uhr. Mit Fussball, Skigymnastik und Volleyball starten wir sportlich in die Woche. Unser \u00dcbungsleiter Gege wei\u00df genau wo es den Teilnehmern an Fitness mangelt. Anschliessend gem\u00fctliches Beisammensein im Hirsch. [&hellip;]<\/p>\n","protected":false},"author":1,"featured_media":0,"parent":76,"menu_order":1,"comment_status":"closed","ping_status":"closed","template":"","meta":{"footnotes":""},"class_list":["post-78","page","type-page","status-publish","hentry"],"_links":{"self":[{"href":"https:\/\/jesingen-ski.de\/page\/wp-json\/wp\/v2\/pages\/78","targetHints":{"allow":["GET"]}}],"collection":[{"href":"https:\/\/jesingen-ski.de\/page\/wp-json\/wp\/v2\/pages"}],"about":[{"href":"https:\/\/jesingen-ski.de\/page\/wp-json\/wp\/v2\/types\/page"}],"author":[{"embeddable":true,"href":"https:\/\/jesingen-ski.de\/page\/wp-json\/wp\/v2\/users\/1"}],"replies":[{"embeddable":true,"href":"https:\/\/jesingen-ski.de\/page\/wp-json\/wp\/v2\/comments?post=78"}],"version-history":[{"count":2,"href":"https:\/\/jesingen-ski.de\/page\/wp-json\/wp\/v2\/pages\/78\/revisions"}],"predecessor-version":[{"id":243,"href":"https:\/\/jesingen-ski.de\/page\/wp-json\/wp\/v2\/pages\/78\/revisions\/243"}],"up":[{"embeddable":true,"href":"https:\/\/jesingen-ski.de\/page\/wp-json\/wp\/v2\/pages\/76"}],"wp:attachment":[{"href":"https:\/\/jesingen-ski.de\/page\/wp-json\/wp\/v2\/media?parent=78"}],"curies":[{"name":"wp","href":"https:\/\/api.w.org\/{rel}","templated":true}]}}